{"id":757,"date":"2023-02-07T18:25:07","date_gmt":"2023-02-07T23:25:07","guid":{"rendered":"https:\/\/atleticonortefc.com\/?page_id=757"},"modified":"2023-02-07T19:24:10","modified_gmt":"2023-02-08T00:24:10","slug":"resena-historica","status":"publish","type":"page","link":"https:\/\/atleticonortefc.com\/index.php\/resena-historica\/","title":{"rendered":"Rese\u00f1a Hist\u00f3rica"},"content":{"rendered":"\n<h2 class=\"wp-block-heading\"><strong>ATLETICO NORTE F.C<\/strong>.<\/h2>\n\n\n\n<p><strong>&nbsp;C\u00daCUTA \u2013 COLOMBIA<br><br>&nbsp;&nbsp;&nbsp;&nbsp;&nbsp;&nbsp;&nbsp;&nbsp;&nbsp;&nbsp;&nbsp;&nbsp;&nbsp;&nbsp;&nbsp;&nbsp;&nbsp;&nbsp;&nbsp;&nbsp;&nbsp;&nbsp;&nbsp;&nbsp;&nbsp;&nbsp;&nbsp;&nbsp;&nbsp;&nbsp;&nbsp;&nbsp;&nbsp;&nbsp;&nbsp;&nbsp;&nbsp;&nbsp;&nbsp;&nbsp;&nbsp;&nbsp;&nbsp;&nbsp;&nbsp;&nbsp;&nbsp;&nbsp;&nbsp;&nbsp;&nbsp;&nbsp;&nbsp;&nbsp;&nbsp;&nbsp;&nbsp;&nbsp;&nbsp;&nbsp;&nbsp;&nbsp;&nbsp; 2004 &#8211; 2023<\/strong><\/p>\n\n\n\n<p><strong>El CLUB ATLETICO NORTE FC fue fundado a principios del a\u00f1o 2004 (01 MARZO) y este a\u00f1o 2023 cumplimos 19 a\u00f1os de existencia y se cre\u00f3 con el \u00fanico prop\u00f3sito de estar unidos por \u201cLA AMISTAD, LA SALUD Y EL DEPORTE\u201d, y fue una iniciativa de un grupo de amigos amateurs y afiebrados al F\u00fatbol y contando con el decidido empuje del fundador y primer presidente del club el Sr. Freddi Enrique Archila Vargas. En ese entonces se inicio con cerca de una docena de amigos cuyas pr\u00e1cticas se realizaba en la Cancha de Quinta Oriental en C\u00facuta &#8211; Colombia, y posteriormente se fueron incorporando algunos amigos mas, hecho que hizo necesario buscar una cancha mas grande, y se logro alquilar la cancha de COVEADSE (San Eduardo) en donde actualmente tenemos a pr\u00e9stamo la cancha los d\u00edas Lunes y S\u00e1bado.&nbsp;Tambi\u00e9n&nbsp;se realizan otros encuentros de&nbsp;campeonato en la cancha gramada de COMFAORIENTE (VILLA SILVANIA) los&nbsp;d\u00edas&nbsp;Jueves en la noche.<br><br>\u200bEntre los&nbsp;primeros socios Fundadores se encontraban: Freddi Archila, Heriberto G\u00e1lvis, Felix C\u00e1rdenas, Yesid Cely, John Archila, Hermes Hern\u00e1ndez, Javier Ball\u00e9n, Arley Romero, Jes\u00fas Romero, &nbsp;Nelson Cely, Eliumer Pedraza, Lu\u00eds Fernando Rojas, Henry Ortiz, Nelson Camacho, H\u00e9ctor Sierra, Iv\u00e1n L\u00f3pez, Jorge Torres, Luis Ballen, Alonso Parra, Gustavo Su\u00e1rez, Carlos Rangel , Antonio Moreno, William Carrascal y Elkin Mendoza.<br><br>Actualmente el Club cuenta con&nbsp;personer\u00eda&nbsp;Jur\u00eddica&nbsp;emitida por el IMRD mediante&nbsp;Resoluci\u00f3n&nbsp;No. 0112 del 01 Diciembre-2015 y RUT DIAN 900.923.894-3, somos 160 socios de distintas profesiones: Abogados, M\u00e9dicos, Ingenieros, Contadores P\u00fablicos, Dise\u00f1adores gr\u00e1ficos, Economistas y tambi\u00e9n Empleados y comerciantes independientes.<br><br>El Club realiza cada a\u00f1o dos campeonatos internos, uno por cada semestre, en donde se sortean los jugadores activos en ocho(8) equipos. Para el Primer y Segundo semestre de 2023 se dar\u00e1 inicio el 35vo y 36vo campeonatos internos. El 35vo Campeonato Interno inicio el 23 de Enero-2023 y finaliza el 25 Junio-2023, el cual denominamos \u00abCAMPEONATO INTER-EMPRESAS ANFC\u00bb en donde estar\u00e1n representados por los equipos CESAR CREPS, MAEXPO, PUBLICIDAD RINCON, CREDIMUEBLES, CECAVIAL, UN NORTE JOVEN, TALLER DEL JOYERO, VIA ELEVADORES.<\/strong><\/p>\n","protected":false},"excerpt":{"rendered":"<p>ATLETICO NORTE F.C. &nbsp;C\u00daCUTA \u2013 COLOMBIA &nbsp;&nbsp;&nbsp;&nbsp;&nbsp;&nbsp;&nbsp;&nbsp;&nbsp;&nbsp;&nbsp;&nbsp;&nbsp;&nbsp;&nbsp;&nbsp;&nbsp;&nbsp;&nbsp;&nbsp;&nbsp;&nbsp;&nbsp;&nbsp;&nbsp;&nbsp;&nbsp;&nbsp;&nbsp;&nbsp;&nbsp;&nbsp;&nbsp;&nbsp;&nbsp;&nbsp;&nbsp;&nbsp;&nbsp;&nbsp;&nbsp;&nbsp;&nbsp;&nbsp;&nbsp;&nbsp;&nbsp;&nbsp;&nbsp;&nbsp;&nbsp;&nbsp;&nbsp;&nbsp;&nbsp;&nbsp;&nbsp;&nbsp;&nbsp;&nbsp;&nbsp;&nbsp;&nbsp; 2004 &#8211; 2023 El CLUB ATLETICO NORTE FC fue fundado a principios del a\u00f1o 2004 (01 MARZO) y este a\u00f1o 2023 cumplimos 19 a\u00f1os de existencia y se cre\u00f3 con el \u00fanico prop\u00f3sito de estar unidos por \u201cLA AMISTAD, LA SALUD Y EL DEPORTE\u201d, y fue una iniciativa [&hellip;]<\/p>\n","protected":false},"author":1,"featured_media":0,"parent":0,"menu_order":0,"comment_status":"closed","ping_status":"closed","template":"","meta":{"footnotes":""},"class_list":["post-757","page","type-page","status-publish","hentry"],"_links":{"self":[{"href":"https:\/\/atleticonortefc.com\/index.php\/wp-json\/wp\/v2\/pages\/757","targetHints":{"allow":["GET"]}}],"collection":[{"href":"https:\/\/atleticonortefc.com\/index.php\/wp-json\/wp\/v2\/pages"}],"about":[{"href":"https:\/\/atleticonortefc.com\/index.php\/wp-json\/wp\/v2\/types\/page"}],"author":[{"embeddable":true,"href":"https:\/\/atleticonortefc.com\/index.php\/wp-json\/wp\/v2\/users\/1"}],"replies":[{"embeddable":true,"href":"https:\/\/atleticonortefc.com\/index.php\/wp-json\/wp\/v2\/comments?post=757"}],"version-history":[{"count":9,"href":"https:\/\/atleticonortefc.com\/index.php\/wp-json\/wp\/v2\/pages\/757\/revisions"}],"predecessor-version":[{"id":767,"href":"https:\/\/atleticonortefc.com\/index.php\/wp-json\/wp\/v2\/pages\/757\/revisions\/767"}],"wp:attachment":[{"href":"https:\/\/atleticonortefc.com\/index.php\/wp-json\/wp\/v2\/media?parent=757"}],"curies":[{"name":"wp","href":"https:\/\/api.w.org\/{rel}","templated":true}]}}